{"id":2063,"date":"2025-11-10T21:11:53","date_gmt":"2025-11-11T02:11:53","guid":{"rendered":"https:\/\/maxenergytec.com\/about-4\/"},"modified":"2026-02-22T13:42:31","modified_gmt":"2026-02-22T18:42:31","slug":"about-4","status":"publish","type":"page","link":"https:\/\/maxenergytec.com\/en\/about-4\/","title":{"rendered":"About"},"content":{"rendered":"<div data-elementor-type=\"wp-page\" data-elementor-id=\"2063\" class=\"elementor elementor-2063\">\n\t\t\t\t<div class=\"elementor-element elementor-element-19b8c8c e-flex e-con-boxed e-con e-parent\" data-id=\"19b8c8c\" data-element_type=\"container\" data-settings=\"{&quot;background_background&quot;:&quot;classic&quot;}\">\n\t\t\t\t\t<div class=\"e-con-inner\">\n\t\t<div class=\"elementor-element elementor-element-372848a e-con-full e-flex e-con e-child\" data-id=\"372848a\" data-element_type=\"container\">\n\t\t\t\t<div class=\"elementor-element elementor-element-0ccf104 elementor-widget elementor-widget-heading\" data-id=\"0ccf104\" data-element_type=\"widget\" data-widget_type=\"heading.default\">\n\t\t\t\t<div class=\"elementor-widget-container\">\n\t\t\t\t\t<h1 class=\"elementor-heading-title elementor-size-default\">Qui\u00e9nes somos<\/h1>\t\t\t\t<\/div>\n\t\t\t\t<\/div>\n\t\t\t\t<\/div>\n\t\t\t\t\t<\/div>\n\t\t\t\t<\/div>\n\t\t<div class=\"elementor-element elementor-element-8338255 e-flex e-con-boxed e-con e-parent\" data-id=\"8338255\" data-element_type=\"container\" data-settings=\"{&quot;background_background&quot;:&quot;classic&quot;}\">\n\t\t\t\t\t<div class=\"e-con-inner\">\n\t\t<div class=\"elementor-element elementor-element-87eb59b e-con-full e-flex e-con e-child\" data-id=\"87eb59b\" data-element_type=\"container\">\n\t\t\t\t<div class=\"elementor-element elementor-element-925cef2 elementor-widget elementor-widget-heading\" data-id=\"925cef2\" data-element_type=\"widget\" data-widget_type=\"heading.default\">\n\t\t\t\t<div class=\"elementor-widget-container\">\n\t\t\t\t\t<h3 class=\"elementor-heading-title elementor-size-default\">Max Energy<\/h3>\t\t\t\t<\/div>\n\t\t\t\t<\/div>\n\t\t\t\t<div class=\"elementor-element elementor-element-012d882 elementor-widget elementor-widget-heading\" data-id=\"012d882\" data-element_type=\"widget\" data-widget_type=\"heading.default\">\n\t\t\t\t<div class=\"elementor-widget-container\">\n\t\t\t\t\t<h2 class=\"elementor-heading-title elementor-size-default\">Nuestra Historia<\/h2>\t\t\t\t<\/div>\n\t\t\t\t<\/div>\n\t\t\t\t<div class=\"elementor-element elementor-element-35ebd54 elementor-widget elementor-widget-text-editor\" data-id=\"35ebd54\" data-element_type=\"widget\" data-widget_type=\"text-editor.default\">\n\t\t\t\t<div class=\"elementor-widget-container\">\n\t\t\t\t\t\t\t\t\t<p>Somos una empresa orientada a ofrecer soluciones eficientes para el sector energ\u00e9tico e industrial.<\/p><p>Nuestro principal objetivo es garantizar un servicio especializado que combine compromiso, cumplimiento y enfoque en las necesidades de nuestros clientes, quienes constituyen nuestro mayor valor.<\/p><p>Basamos nuestra gesti\u00f3n en los lineamientos de HSEQ, lo que nos permite asegurar confiabilidad, calidad y productos que optimizan el desempe\u00f1o y la eficiencia de los<br \/>procesos de nuestros aliados estrat\u00e9gicos.<\/p>\t\t\t\t\t\t\t\t<\/div>\n\t\t\t\t<\/div>\n\t\t\t\t<\/div>\n\t\t<div class=\"elementor-element elementor-element-59870a2 e-con-full e-flex e-con e-child\" data-id=\"59870a2\" data-element_type=\"container\">\n\t\t\t\t<div class=\"elementor-element elementor-element-2f974ef elementor-widget elementor-widget-image\" data-id=\"2f974ef\" data-element_type=\"widget\" data-widget_type=\"image.default\">\n\t\t\t\t<div class=\"elementor-widget-container\">\n\t\t\t\t\t\t\t\t\t\t\t\t\t\t\t<img fetchpriority=\"high\" decoding=\"async\" width=\"1024\" height=\"678\" src=\"https:\/\/maxenergytec.com\/wp-content\/uploads\/2026\/02\/Gemini_Generated_Image_8g03cw8g03cw8g03.png\" class=\"attachment-large size-large wp-image-2331\" alt=\"8g03cw8g03cw8g03\" srcset=\"https:\/\/maxenergytec.com\/wp-content\/uploads\/2026\/02\/Gemini_Generated_Image_8g03cw8g03cw8g03.png 1024w, https:\/\/maxenergytec.com\/wp-content\/uploads\/2026\/02\/Gemini_Generated_Image_8g03cw8g03cw8g03-300x199.png 300w, https:\/\/maxenergytec.com\/wp-content\/uploads\/2026\/02\/Gemini_Generated_Image_8g03cw8g03cw8g03-768x509.png 768w, https:\/\/maxenergytec.com\/wp-content\/uploads\/2026\/02\/Gemini_Generated_Image_8g03cw8g03cw8g03-18x12.png 18w\" sizes=\"(max-width: 1024px) 100vw, 1024px\" title=\"About\">\t\t\t\t\t\t\t\t\t\t\t\t\t\t\t<\/div>\n\t\t\t\t<\/div>\n\t\t\t\t<\/div>\n\t\t\t\t\t<\/div>\n\t\t\t\t<\/div>\n\t\t<div class=\"elementor-element elementor-element-6f9a822 e-con-full e-flex e-con e-parent\" data-id=\"6f9a822\" data-element_type=\"container\">\n\t\t<div class=\"elementor-element elementor-element-eae624a e-con-full e-flex e-con e-child\" data-id=\"eae624a\" data-element_type=\"container\" data-settings=\"{&quot;background_background&quot;:&quot;classic&quot;}\">\n\t\t<div class=\"elementor-element elementor-element-ca7fe89 e-con-full e-flex e-con e-child\" data-id=\"ca7fe89\" data-element_type=\"container\">\n\t\t<div class=\"elementor-element elementor-element-e335e38 e-con-full e-flex e-con e-child\" data-id=\"e335e38\" data-element_type=\"container\">\n\t\t\t\t<div class=\"elementor-element elementor-element-e980318 elementor-widget elementor-widget-heading\" data-id=\"e980318\" data-element_type=\"widget\" data-widget_type=\"heading.default\">\n\t\t\t\t<div class=\"elementor-widget-container\">\n\t\t\t\t\t<h4 class=\"elementor-heading-title elementor-size-default\">VISI\u00d3N<\/h4>\t\t\t\t<\/div>\n\t\t\t\t<\/div>\n\t\t\t\t<div class=\"elementor-element elementor-element-094c92d elementor-widget elementor-widget-text-editor\" data-id=\"094c92d\" data-element_type=\"widget\" data-widget_type=\"text-editor.default\">\n\t\t\t\t<div class=\"elementor-widget-container\">\n\t\t\t\t\t\t\t\t\t<p>Para el a\u00f1o 2027 nos proponemos consolidarnos como empresa<br \/>l\u00edder en la comercializaci\u00f3n de productos a nivel nacional, ampliando nuestra presencia en diferentes sectores. Nuestro enfoque estar\u00e1 en el fortalecimiento del talento humano, la infraestructura y la implementaci\u00f3n de estrategias sostenibles que respalden este crecimiento<\/p>\t\t\t\t\t\t\t\t<\/div>\n\t\t\t\t<\/div>\n\t\t\t\t<\/div>\n\t\t\t\t<\/div>\n\t\t\t\t<\/div>\n\t\t<div class=\"elementor-element elementor-element-a79e45f e-con-full e-flex e-con e-child\" data-id=\"a79e45f\" data-element_type=\"container\" data-settings=\"{&quot;background_background&quot;:&quot;classic&quot;}\">\n\t\t<div class=\"elementor-element elementor-element-1644e9c e-con-full e-flex e-con e-child\" data-id=\"1644e9c\" data-element_type=\"container\">\n\t\t<div class=\"elementor-element elementor-element-beb9701 e-con-full e-flex e-con e-child\" data-id=\"beb9701\" data-element_type=\"container\">\n\t\t\t\t<div class=\"elementor-element elementor-element-b3ee423 elementor-widget elementor-widget-heading\" data-id=\"b3ee423\" data-element_type=\"widget\" data-widget_type=\"heading.default\">\n\t\t\t\t<div class=\"elementor-widget-container\">\n\t\t\t\t\t<h3 class=\"elementor-heading-title elementor-size-default\">MISI\u00d3N<\/h3>\t\t\t\t<\/div>\n\t\t\t\t<\/div>\n\t\t\t\t<div class=\"elementor-element elementor-element-365ddc7 elementor-widget elementor-widget-text-editor\" data-id=\"365ddc7\" data-element_type=\"widget\" data-widget_type=\"text-editor.default\">\n\t\t\t\t<div class=\"elementor-widget-container\">\n\t\t\t\t\t\t\t\t\t<p>Ofrecer un servicio especializado y en mejora constante, a trav\u00e9s de<br \/>productos y herramientas que permitan a nuestros clientes optimizar sus procesos dentro del sector energ\u00e9tico e industrial.<\/p>\t\t\t\t\t\t\t\t<\/div>\n\t\t\t\t<\/div>\n\t\t\t\t<\/div>\n\t\t\t\t<\/div>\n\t\t\t\t<\/div>\n\t\t\t\t<\/div>\n\t\t<div class=\"elementor-element elementor-element-7d4ff44 e-flex e-con-boxed e-con e-parent\" data-id=\"7d4ff44\" data-element_type=\"container\">\n\t\t\t\t\t<div class=\"e-con-inner\">\n\t\t\t\t<div class=\"elementor-element elementor-element-33ede09 elementor-widget elementor-widget-heading\" data-id=\"33ede09\" data-element_type=\"widget\" data-widget_type=\"heading.default\">\n\t\t\t\t<div class=\"elementor-widget-container\">\n\t\t\t\t\t<h2 class=\"elementor-heading-title elementor-size-default\">Certificados:<\/h2>\t\t\t\t<\/div>\n\t\t\t\t<\/div>\n\t\t\t\t<div class=\"elementor-element elementor-element-85195cf elementor-widget elementor-widget-button\" data-id=\"85195cf\" data-element_type=\"widget\" data-widget_type=\"button.default\">\n\t\t\t\t<div class=\"elementor-widget-container\">\n\t\t\t\t\t\t\t\t\t<div class=\"elementor-button-wrapper\">\n\t\t\t\t\t<a class=\"elementor-button elementor-button-link elementor-size-sm\" href=\"https:\/\/maxenergytec.com\/wp-content\/uploads\/2026\/02\/CtiMAX.pdf\" target=\"_blank\">\n\t\t\t\t\t\t<span class=\"elementor-button-content-wrapper\">\n\t\t\t\t\t\t\t\t\t<span class=\"elementor-button-text\">Ver mas<\/span>\n\t\t\t\t\t<\/span>\n\t\t\t\t\t<\/a>\n\t\t\t\t<\/div>\n\t\t\t\t\t\t\t\t<\/div>\n\t\t\t\t<\/div>\n\t\t\t\t\t<\/div>\n\t\t\t\t<\/div>\n\t\t\t\t<\/div>","protected":false},"excerpt":{"rendered":"<p>Qui\u00e9nes somos Max Energy Nuestra Historia Somos una empresa orientada a ofrecer soluciones eficientes para el sector energ\u00e9tico e industrial. Nuestro principal objetivo es garantizar un servicio especializado que combine compromiso, cumplimiento y enfoque en las necesidades de nuestros clientes, quienes constituyen nuestro mayor valor. Basamos nuestra gesti\u00f3n en los lineamientos de HSEQ, lo que [&hellip;]<\/p>\n","protected":false},"author":1,"featured_media":0,"parent":0,"menu_order":0,"comment_status":"closed","ping_status":"closed","template":"","meta":{"_uag_custom_page_level_css":"","site-sidebar-layout":"no-sidebar","site-content-layout":"page-builder","ast-site-content-layout":"default","site-content-style":"default","site-sidebar-style":"default","ast-global-header-display":"","ast-banner-title-visibility":"","ast-main-header-display":"","ast-hfb-above-header-display":"","ast-hfb-below-header-display":"","ast-hfb-mobile-header-display":"","site-post-title":"disabled","ast-breadcrumbs-content":"disabled","ast-featured-img":"disabled","footer-sml-layout":"","theme-transparent-header-meta":"enabled","adv-header-id-meta":"","stick-header-meta":"","header-above-stick-meta":"","header-main-stick-meta":"","header-below-stick-meta":"","astra-migrate-meta-layouts":"default","ast-page-background-enabled":"default","ast-page-background-meta":{"desktop":{"background-color":"var(--ast-global-color-4)","background-image":"","background-repeat":"repeat","background-position":"center center","background-size":"auto","background-attachment":"scroll","background-type":"","background-media":"","overlay-type":"","overlay-color":"","overlay-opacity":"","overlay-gradient":""},"tablet":{"background-color":"","background-image":"","background-repeat":"repeat","background-position":"center center","background-size":"auto","background-attachment":"scroll","background-type":"","background-media":"","overlay-type":"","overlay-color":"","overlay-opacity":"","overlay-gradient":""},"mobile":{"background-color":"","background-image":"","background-repeat":"repeat","background-position":"center center","background-size":"auto","background-attachment":"scroll","background-type":"","background-media":"","overlay-type":"","overlay-color":"","overlay-opacity":"","overlay-gradient":""}},"ast-content-background-meta":{"desktop":{"background-color":"var(--ast-global-color-5)","background-image":"","background-repeat":"repeat","background-position":"center center","background-size":"auto","background-attachment":"scroll","background-type":"","background-media":"","overlay-type":"","overlay-color":"","overlay-opacity":"","overlay-gradient":""},"tablet":{"background-color":"var(--ast-global-color-5)","background-image":"","background-repeat":"repeat","background-position":"center center","background-size":"auto","background-attachment":"scroll","background-type":"","background-media":"","overlay-type":"","overlay-color":"","overlay-opacity":"","overlay-gradient":""},"mobile":{"background-color":"var(--ast-global-color-5)","background-image":"","background-repeat":"repeat","background-position":"center center","background-size":"auto","background-attachment":"scroll","background-type":"","background-media":"","overlay-type":"","overlay-color":"","overlay-opacity":"","overlay-gradient":""}},"footnotes":""},"class_list":["post-2063","page","type-page","status-publish","hentry"],"uagb_featured_image_src":{"full":false,"thumbnail":false,"medium":false,"medium_large":false,"large":false,"1536x1536":false,"2048x2048":false,"trp-custom-language-flag":false},"uagb_author_info":{"display_name":"PaoPin","author_link":"https:\/\/maxenergytec.com\/en\/author\/paopin\/"},"uagb_comment_info":0,"uagb_excerpt":"Qui\u00e9nes somos Max Energy Nuestra Historia Somos una empresa orientada a ofrecer soluciones eficientes para el sector energ\u00e9tico e industrial. Nuestro principal objetivo es garantizar un servicio especializado que combine compromiso, cumplimiento y enfoque en las necesidades de nuestros clientes, quienes constituyen nuestro mayor valor. Basamos nuestra gesti\u00f3n en los lineamientos de HSEQ, lo que&hellip;","_links":{"self":[{"href":"https:\/\/maxenergytec.com\/en\/wp-json\/wp\/v2\/pages\/2063","targetHints":{"allow":["GET"]}}],"collection":[{"href":"https:\/\/maxenergytec.com\/en\/wp-json\/wp\/v2\/pages"}],"about":[{"href":"https:\/\/maxenergytec.com\/en\/wp-json\/wp\/v2\/types\/page"}],"author":[{"embeddable":true,"href":"https:\/\/maxenergytec.com\/en\/wp-json\/wp\/v2\/users\/1"}],"replies":[{"embeddable":true,"href":"https:\/\/maxenergytec.com\/en\/wp-json\/wp\/v2\/comments?post=2063"}],"version-history":[{"count":15,"href":"https:\/\/maxenergytec.com\/en\/wp-json\/wp\/v2\/pages\/2063\/revisions"}],"predecessor-version":[{"id":2402,"href":"https:\/\/maxenergytec.com\/en\/wp-json\/wp\/v2\/pages\/2063\/revisions\/2402"}],"wp:attachment":[{"href":"https:\/\/maxenergytec.com\/en\/wp-json\/wp\/v2\/media?parent=2063"}],"curies":[{"name":"wp","href":"https:\/\/api.w.org\/{rel}","templated":true}]}}